{"id":2,"date":"2015-09-16T04:24:25","date_gmt":"2015-09-16T04:24:25","guid":{"rendered":"http:\/\/wp431m.a10-52-158-154.qa.plesk.ru\/wordpress\/?page_id=2"},"modified":"2026-05-05T14:28:27","modified_gmt":"2026-05-05T14:28:27","slug":"sample-page","status":"publish","type":"page","link":"https:\/\/uhura-uraniae.com\/","title":{"rendered":"Welcome to all shades of Astronomy"},"content":{"rendered":"\n<h2 class=\"wp-block-heading\"><figure><a href=\"http:\/\/uhura-uraniae.com\/wp-content\/uploads\/2015\/09\/smh_gross_quad_550.jpg\"><img loading=\"lazy\" decoding=\"async\" width=\"298\" height=\"300\" class=\"size-medium wp-image-18 alignright\" src=\"http:\/\/uhura-uraniae.com\/wp-content\/uploads\/2015\/09\/smh_gross_quad_550-298x300.jpg\" alt=\"smh_gross_quad_550\" srcset=\"https:\/\/uhura-uraniae.com\/wp-content\/uploads\/2015\/09\/smh_gross_quad_550-298x300.jpg 298w, https:\/\/uhura-uraniae.com\/wp-content\/uploads\/2015\/09\/smh_gross_quad_550-150x150.jpg 150w, https:\/\/uhura-uraniae.com\/wp-content\/uploads\/2015\/09\/smh_gross_quad_550.jpg 550w\" sizes=\"auto, (max-width: 298px) 100vw, 298px\" \/><\/a><\/figure>Dr. Dr. Susanne M Hoffmann, FRAS<\/h2>\n\n\n\n<p>&#8230; is a cultural astronomer from Berlin, Europe (PhD defence in Berlin on the British Queen&#8217;s birthday).<\/p>\n\n\n\n<p>Diplom-Naturwissenschaftshistorikerin (Dipl.-Wiss.Hist.) <br>Diplom-Physikerin (Dipl.-Phys.)<\/p>\n\n\n\n<p><strong>Domain Expert:<\/strong><\/p>\n\n\n\n<ul class=\"wp-block-list\">\n<li>History of Knowledge, Science and Technology<\/li>\n\n\n\n<li>Digital Cultural Astronomy <\/li>\n\n\n\n<li>Computational History<\/li>\n\n\n\n<li>Applied Historical Astronomy<\/li>\n<\/ul>\n\n\n\n<h4 class=\"wp-block-heading\">Commission of Trust<\/h4>\n\n\n\n<ul class=\"wp-block-list\">\n<li>IAU <\/li>\n<\/ul>\n\n\n\n<h2 class=\"wp-block-heading\">Discoveries<\/h2>\n\n\n\n<ul class=\"wp-block-list\">\n<li><strong>Nova 1408 <\/strong>with possible connection to CK Vul (publ. 2025)<\/li>\n\n\n\n<li>Proof that the <strong>Kugel Globe is<\/strong> not Greek but<strong> Indian<\/strong> (publ. 2025)<\/li>\n\n\n\n<li>Pleiades and <strong>Hyades on<\/strong> clay tablet<strong> VAT 7851<\/strong> (publ. 2025)<\/li>\n\n\n\n<li>Dating the <strong>division of the Taurus sign<\/strong> in Babylon (ADRT) to 320\u00b110 BCE (publ. 2024)<\/li>\n\n\n\n<li><strong>Division<\/strong> of MUL.APIN&#8217;s <strong>Path of Enlil<\/strong> and <strong>agricultural calendar<\/strong> in the stars (publ. 2023, &#8217;24)<\/li>\n\n\n\n<li>Proofs that the Nebra Sky Disc shows stars in taut chains and not the Pleiades (publ. 2021,&#8217;22) <\/li>\n\n\n\n<li>New data-driven method for the search on historical novae &amp; supernovae (publ. 2020)<\/li>\n\n\n\n<li>Reconstruction of <strong>Hipparchus&#8217;s &#8220;lost&#8221; star catalogue <\/strong>and celestial globe (book 2017)<\/li>\n<\/ul>\n\n\n\n<h2 class=\"wp-block-heading\">Academic Topics \/ Academic Achievements<\/h2>\n\n\n\n<figure class=\"wp-block-table is-style-regular has-small-font-size\"><table class=\"has-fixed-layout\"><thead><tr><th>Content<\/th><th>Reference<\/th><\/tr><\/thead><tbody><tr><td>The <strong>IAU-All Skies Encyclopaedia (ASE)<\/strong><\/td><td><a href=\"http:\/\/ase.exopla.net\/\">http:\/\/ase.exopla.net\/<\/a><\/td><\/tr><tr><td> Hipparchus&#8217;s Celestial Globe<\/td><td><strong>Monograph:<\/strong><br>Hipparchs Himmelsglobus \u2013 Ein Bindeglied in der babylonisch-griechischen Astrometrie?, Springer Verlag, Wiesbaden, New York, 2017 (<a href=\"http:\/\/www.springer.com\/de\/book\/9783658186821\" data-type=\"link\" data-id=\"http:\/\/www.springer.com\/de\/book\/9783658186821\">online<\/a>)<\/td><\/tr><tr><td>The Ancient (Greek) Star Catalogue<\/td><td><strong>Hoffmann<\/strong> and Yang (2025). Data analytics for tracing methods of ancient astronomy. in Thuillard, M. (ed.), Probing the Past with Data Analytics and AI, Word Scientific (New Jersey\/ London\/ Singapore\u2026), 201-221<br><br>Grasshoff, G., &amp;&nbsp;<strong>Hoffmann<\/strong>, S. M. (2024). An astronomical analysis of the data in the pseudo-Hipparchus palimpsest in the Codex Climaci Rescriptus.&nbsp;<em>Journal for the History of Astronomy<\/em>,&nbsp;<em>55<\/em>(3), 332-349.&nbsp;<a href=\"https:\/\/doi.org\/10.1177\/00218286241256345\">DOI<\/a><br><br>Hoffmann, S.M. (2022). Essay: On Ptolemy\u2019s stellar magnitudes,&nbsp; 426-429<br><br>Protte, Ph and&nbsp;<strong>Hoffmann<\/strong>&nbsp;S.M (2020), Accuracy of&nbsp; magnitudes in pre-telescopic star catalogues, AN, 341, 827-840<\/td><\/tr><tr><td>Babylonian Star Catalogues &amp; Uranography<\/td><td>Hoffmann, S.M. (2024). Standing and Sitting Gods of MUL.APIN, Journal of Astronomical History and Heritage, 27(2), 261-272<br><br><strong>Hoffmann, S.M.<\/strong>&nbsp;and Krebernik, M. (2023): What do deities tell us about the celestial positioning system, in: R. Rollinger, I. Madreiter, M. Lang, C. Pappi (eds.). The Intellectual Heritage of the Ancient Near East, Papers held at the 64th Rencontre Assyriologique International and 12th Melammu Symposium July 16-20 2018, Innsbruck. Austrian Academy of Sciences Press, 539-579<\/td><\/tr><tr><td><strong>Archaeoastronomy:<\/strong> <br><br>1. The Nebra Sky Disc <br><br>2. Circular Enclosures<\/td><td><strong>Hoffmann, S.M.<\/strong>&nbsp;(2023): Zeigt die Himmelsscheibe von Nebra ein Instrument der Zeitrechnung?, Codices Manuscripti &amp; Impressi, Wien, 37-52<br><br>Crocco, J.,&nbsp;<strong>Hoffmann, S.M.<\/strong>&nbsp;and Vogt, N. Essay: What is depicted on the Nebra Disc?, 87-101<br><br>Michel, Ch.;&nbsp;<strong>Hoffmann, S.M.;<\/strong>&nbsp;Schier, W. (2016): Built Knowledge \u2013 Spatial Patterns and Viewsheds of Middle Neolithic Circular Enclosures in the Northern Foreland of the Harz Mountains, Saxony-Anhalt, Germany, EditionTopoi<\/td><\/tr><tr><td>The Giant Schupmann Telescope of Rathenow<\/td><td><strong>Monograph:<\/strong><br>Das Riesen-Schupmann-Teleskop von Rathenow, Reihe: UhuraUraniae, Bd.4, Verlag tredition, Hamburg, 2015<\/td><\/tr><tr><td rowspan=\"2\">Constellations <\/td><td><strong>Textbooks <\/strong><br>Hoffmann, S.M. (2021): Wie der L\u00f6we an den Himmel kam. Franckh Kosmos Verlag, Stuttgart<br><br>Axel Mellinger and Susanne M <strong>Hoffmann<\/strong> (2002). Der Gro\u00dfe KOSMOS Himmelsatlas, Franckh Kosmos Verlag, Stuttgart<\/td><\/tr><tr><td><strong>Research Papers<\/strong> (examples)<br>Hoffmann and Horowitz (2025). Lion, Lioness and Wings: Studies of The Lion-Asterism(s?) of Ancient Mesopotamia, Archiv f\u00fcr Orientforschung (AfO) 56, 33-43<br><br><strong>Hoffmann, S.M.<\/strong>&nbsp;und Blume, D. (2023):&nbsp;<strong>\u201e<\/strong>\u2019l volger del ciel<strong>\u201c<\/strong>&nbsp;in Deutsches Dante-Jahrbuch: Dante und die Stadt. Kommunale Kultur und literarische \u00d6ffentlichkeit. Blume: \u201cDantes Sterne\u201d (43-53), Hoffmann: \u201cPlanetarium Dantis\u201d 1-42 (<a href=\"https:\/\/www.degruyter.com\/document\/doi\/10.1515\/dante-2023-0002\/html\">DOI<\/a>), DeGruyter, 1-53<br><br>Geymeier, M. &amp;&nbsp;<strong>Hoffmann, S.M.<\/strong>&nbsp;(2023): Das Sternbild Horologium im Kontext seiner Zeit, Codices Manuscripti &amp; Impressi, Wien, 53-66<br><br>Gullberg, J,&nbsp;<strong>Hoffmann, S.M.<\/strong>&nbsp;and Gullberg, S.R. (2022). Painting Babylonian: New Constellations in Stellarium, 171-191<br><br><strong>Hoffmann, S.M.<\/strong>&nbsp;and Horowitz, W. (2022). How to identify \u201cThe Plough\u201d MUL.APIN, epinnu? 148-170<br><br><strong>Hoffmann, S.M.<\/strong>, Vickers, D. and Geymeier, M. (2022). Constellation Cetus: Whale or Monster? , 287<\/td><\/tr><tr><td>Historical Globes &amp; Maps<\/td><td>Hoffmann (2025), Some Results on the Ancient Globes, Globe Studies \u2013 The Journal of the International Coronelli Society, 69, 4169.<br><br>Latu\u00dfeck, A. and Hoffmann, S (2017): Ein n\u00fctzliches Unternehmen, Albireo-Verlag, K\u00f6ln<\/td><\/tr><tr><td>Historical Novae and Supernovae<\/td><td>Bo-Shun YANG, N. Vogt and&nbsp;<strong>Hoffmann,<\/strong>&nbsp;S.M. (2025). Was there a (super)nova in 1408?<a href=\"https:\/\/doi.org\/10.3847\/1538-3881\/add726\"> DOI<\/a><br><br>Bo-Shun YANG and&nbsp;<strong>Hoffmann,<\/strong>&nbsp;S.M. (2024). Identification of Z Cam\u2019s Historical Counterpart: The Quest for an Ancient Nova,&nbsp;<em>Research in Astronomy and Astrophysics, xx(x), xxx-xxx,&nbsp;<a href=\"https:\/\/doi.org\/10.1088\/1674-4527\/ad89aa\">DOI<\/a><\/em><br><br>Hoffmann S.M. and Vogt N (2022): A Search for recurrent novae among Far Eastern guest stars, New Astronomy, Vol 92, 101722<br><br>Hoffmann S.M., Vogt, N. (2020): A search for the modern counterparts of the Far Eastern guest stars 369 CE, 386 CE and 393 CE, MNRAS, 197, 2, 1419\u20131433<br><br>Hoffmann, S.: What information can we derive from historical Far Eastern guest stars for modern research on novae and cataclysmic variables? MNRAS 490, 3, 2019, 4194-4210<br><br>Vogt, N.,&nbsp;<strong>Hoffmann<\/strong>, S., Tappert, C.: On the possibilities of classical nova identifications among historical Far Eastern guest star observations, AN, 2019, 8, 752-759.<\/td><\/tr><tr><td>Visualisation\/ Planetarium <\/td><td>Hoffmann, S.M. (2021): Historical Constellations in the Planetarium. Proceedings of the International Astronomical Union , Vol. 15 , Symposium S367: Education and Heritage in the Era of Big Data in Astronomy, December 2020, Cambridge University Press, 474 \u2013 475<br><br>Hoffmann, S.M. (2021): Reconstruction of ancient constellations in the planetarium dome, The Planetarian, June, p. 12-20; cont. p. 74<br><br>Zotti, G.;&nbsp;<strong>Hoffmann, S.M.<\/strong>; Wolf, A.; Ch\u00e9reau, F., Ch\u00e9reau, G. (2020), The simulated sky: Stellarium for cultural astronomy, JSA, 6.2, 221-258 (invited paper)<br><br>Hoffmann, S.M. (2020): Babylonian Constellations in Stellarium 0.19.*, in: Draxler, Lippitsch, Wolfschmidt (eds.), Harmony and Symmetry \u2013 Proceedings of SEAC Annual Meeting 2018 (held at Graz), Hamburg 2020, 156-172<br><br>Hoffmann, S.M. (2019): Visualisieren f\u00fcr die Erkenntnis \u2013 \u00fcber die Funktion computergenerierter Bilder, in: Wolfschmidt, Gudrun: Vom Abakus zum Computer \u2013 Geschichte der Rechentechnik, Teil 1, Nuncius Hamburgensis, Bd. 21, 411-435<\/td><\/tr><\/tbody><\/table><\/figure>\n\n\n\n<h2 class=\"wp-block-heading\">Academic Background<\/h2>\n\n\n\n<figure class=\"wp-block-table\"><table><thead><tr><th>Domain<\/th><th>academic degree<\/th><th>specialisation<\/th><\/tr><\/thead><tbody><tr><td>History of Science<\/td><td>Diplom-Naturwissenschaftshistorikerin (<strong>Dipl.-Wiss.Hist<\/strong>)<br><strong>Dr. phil.<\/strong><\/td><td>astronomy<br>astronomy<\/td><\/tr><tr><td>Physics<\/td><td><strong>Dipl.-Phys.<\/strong><\/td><td>astronomy<\/td><\/tr><tr><td>Education<\/td><td><strong>Dr. paed.<\/strong><\/td><td>physics &amp; astronomy<\/td><\/tr><\/tbody><\/table><\/figure>\n\n\n\n<h3 class=\"wp-block-heading\">vocational training<\/h3>\n\n\n\n<ul class=\"wp-block-list\">\n<li>science journalist<\/li>\n\n\n\n<li>planetarian<\/li>\n\n\n\n<li>project manager<\/li>\n<\/ul>\n\n\n\n<h3 class=\"wp-block-heading\">Activities \/ positions of honour<\/h3>\n\n\n\n<ul class=\"wp-block-list\">\n<li>International Astronomical Union,\n<ul class=\"wp-block-list\">\n<li>Working Group on Star Names<\/li>\n\n\n\n<li>Office for Astronomical Outreach<\/li>\n\n\n\n<li>Commission C5 <\/li>\n<\/ul>\n<\/li>\n\n\n\n<li>data curator for constellations in the Stellarium team<\/li>\n\n\n\n<li>member of board: Journal of Astronomical History and Heritage (based in China)<\/li>\n\n\n\n<li>member of board: CAP-Journal (based in Japan)<\/li>\n\n\n\n<li>member of board: Journal of Skyscape Archaeology (based in the UK)<\/li>\n\n\n\n<li>collaborator of State Museum for Prehistory Halle (Germany)<\/li>\n<\/ul>\n\n\n\n<p><\/p>\n","protected":false},"excerpt":{"rendered":"<p>Dr. Dr. Susanne M Hoffmann, FRAS &#8230; is a cultural astronomer from Berlin, Europe (PhD defence in Berlin on the British Queen&#8217;s birthday). Diplom-Naturwissenschaftshistorikerin (Dipl.-Wiss.Hist.) Diplom-Physikerin (Dipl.-Phys.) Domain Expert: Commission of Trust Discoveries Academic Topics \/ Academic Achievements Content Reference The IAU-All Skies Encyclopaedia (ASE) http:\/\/ase.exopla.net\/ Hipparchus&#8217;s Celestial Globe Monograph:Hipparchs Himmelsglobus \u2013 Ein Bindeglied in&hellip;<\/p>\n","protected":false},"author":1,"featured_media":0,"parent":0,"menu_order":0,"comment_status":"closed","ping_status":"open","template":"","meta":{"footnotes":""},"class_list":["post-2","page","type-page","status-publish","hentry"],"_links":{"self":[{"href":"https:\/\/uhura-uraniae.com\/index.php?rest_route=\/wp\/v2\/pages\/2","targetHints":{"allow":["GET"]}}],"collection":[{"href":"https:\/\/uhura-uraniae.com\/index.php?rest_route=\/wp\/v2\/pages"}],"about":[{"href":"https:\/\/uhura-uraniae.com\/index.php?rest_route=\/wp\/v2\/types\/page"}],"author":[{"embeddable":true,"href":"https:\/\/uhura-uraniae.com\/index.php?rest_route=\/wp\/v2\/users\/1"}],"replies":[{"embeddable":true,"href":"https:\/\/uhura-uraniae.com\/index.php?rest_route=%2Fwp%2Fv2%2Fcomments&post=2"}],"version-history":[{"count":101,"href":"https:\/\/uhura-uraniae.com\/index.php?rest_route=\/wp\/v2\/pages\/2\/revisions"}],"predecessor-version":[{"id":1912,"href":"https:\/\/uhura-uraniae.com\/index.php?rest_route=\/wp\/v2\/pages\/2\/revisions\/1912"}],"wp:attachment":[{"href":"https:\/\/uhura-uraniae.com\/index.php?rest_route=%2Fwp%2Fv2%2Fmedia&parent=2"}],"curies":[{"name":"wp","href":"https:\/\/api.w.org\/{rel}","templated":true}]}}