{"id":983,"date":"2023-05-26T14:44:56","date_gmt":"2023-05-26T14:44:56","guid":{"rendered":"http:\/\/uhura-uraniae.com\/?page_id=983"},"modified":"2025-10-09T08:12:19","modified_gmt":"2025-10-09T08:12:19","slug":"recorded-talks","status":"publish","type":"page","link":"https:\/\/uhura-uraniae.com\/?page_id=983","title":{"rendered":"Recorded Talks"},"content":{"rendered":"\n<h2 class=\"wp-block-heading\">Recorded Lectures<span style=\"font-size: 13px;\">&nbsp;(30\/ 60 \/ 90 min)<\/span><\/h2>\n\n\n\n<figure class=\"wp-block-table\"><table class=\"has-fixed-layout\"><tbody><tr><td>Lecture 1 (DH): <a href=\"https:\/\/youtu.be\/_wQ9AtLSMsM\">Libraries and Text<\/a> <br>(1h 20 min)<\/td><td>Lecture 2.1 (DH): <a href=\"https:\/\/youtu.be\/trmheipZawA\">Images<\/a> (50 min)<br>Lecture 2.2 (DH): <a href=\"https:\/\/youtu.be\/Z41I4tEeiVY\">Image Resolution <\/a>(20 min)<\/td><\/tr><tr><td>Lecture 3 (DH): <a href=\"https:\/\/youtu.be\/Fm2UnHMncv8\">FAIR and CARE data storage<\/a><br>(20 min)<\/td><td><\/td><\/tr><tr><td><strong>Specific cases of novae and supernovae in old chronicles <\/strong><br><a href=\"https:\/\/www.koushare.com\/live\/details\/26294\"><img loading=\"lazy\" decoding=\"async\" width=\"960\" height=\"542\" class=\"wp-image-1289\" src=\"https:\/\/uhura-uraniae.com\/wp-content\/uploads\/2024\/03\/Capture_ancientNovae_hefei3-1024x578.jpg\" alt=\"\" style=\"width: 960px;\" srcset=\"https:\/\/uhura-uraniae.com\/wp-content\/uploads\/2024\/03\/Capture_ancientNovae_hefei3-1024x578.jpg 1024w, https:\/\/uhura-uraniae.com\/wp-content\/uploads\/2024\/03\/Capture_ancientNovae_hefei3-300x169.jpg 300w, https:\/\/uhura-uraniae.com\/wp-content\/uploads\/2024\/03\/Capture_ancientNovae_hefei3-768x433.jpg 768w, https:\/\/uhura-uraniae.com\/wp-content\/uploads\/2024\/03\/Capture_ancientNovae_hefei3.jpg 1101w\" sizes=\"auto, (max-width: 960px) 100vw, 960px\" \/><\/a><br>Searching for novae and supernovae in ancient Chinese chronicles: Lecture III (90 min)<\/td><td><strong>Mysteries of Hipparchus&#8217;s Star Catalogue<\/strong> <br><a href=\"https:\/\/www.koushare.com\/live\/details\/38528\"><img loading=\"lazy\" decoding=\"async\" width=\"1024\" height=\"653\" class=\"wp-image-1442\" src=\"https:\/\/uhura-uraniae.com\/wp-content\/uploads\/2024\/11\/smhTalk_2024-11-06-1024x653.jpg\" alt=\"\" srcset=\"https:\/\/uhura-uraniae.com\/wp-content\/uploads\/2024\/11\/smhTalk_2024-11-06-1024x653.jpg 1024w, https:\/\/uhura-uraniae.com\/wp-content\/uploads\/2024\/11\/smhTalk_2024-11-06-300x191.jpg 300w, https:\/\/uhura-uraniae.com\/wp-content\/uploads\/2024\/11\/smhTalk_2024-11-06-768x490.jpg 768w, https:\/\/uhura-uraniae.com\/wp-content\/uploads\/2024\/11\/smhTalk_2024-11-06.jpg 1127w\" sizes=\"auto, (max-width: 1024px) 100vw, 1024px\" \/><\/a><br>(Lecture on recent publications)<\/td><\/tr><tr><td><a href=\"https:\/\/www.youtube.com\/watch?v=JF3Fy1iQfWE\">Painting Babylonian<\/a> <br>Public Talk: <strong><em>English and Cantonese<\/em><\/strong><\/td><td><a href=\"https:\/\/www.koushare.com\/video\/details\/154653\">Was the Nebra Sky Disc an Instrument? <\/a><br>History of astronomical instrumentation ~2000 years BCE.<\/td><\/tr><tr><td><a href=\"https:\/\/drive.google.com\/file\/d\/1uVQWmGeTBzXiDsBEGBvztLJwBj2O8-tw\/view?usp=drivesdk\">Lecture for Studium Generale<\/a><br>(<strong><em>English &amp; Bahasa Indonesia<\/em><\/strong>)<\/td><td>International Conference<br>&#8220;<a href=\"http:\/\/International Conference &quot;Constellations and Sky Cultures: Babylonian, Greek and Southeast Asia&quot;\">Constellations and Sky Cultures: Babylonian, Greek, and Southeast Asia<\/a>&#8220;<\/td><\/tr><tr><td>Lecture on <a href=\"https:\/\/drive.google.com\/file\/d\/1UQmGvxZyOH98Ec9O5DJwu6eDlfPcm259\/view?usp=drivesdk\">History of Astronomy (BA level)<\/a><br>(<strong><em>English &amp; Bahasa Indonesia<\/em><\/strong>)<\/td><td>Lecture on <a href=\"https:\/\/drive.google.com\/file\/d\/1CLxD0DdFb7jJOxjVwuUw2620akHcdyuk\/view?usp=drivesdk\">History of Astronomy (PostGrad. level)<\/a><br>(<strong><em>English &amp; Bahasa Indonesia<\/em><\/strong>)<\/td><\/tr><tr><td><strong>Overview: What can modern astrophysics learn from old Chinese chronicles?<\/strong><br><a href=\"https:\/\/m.koushare.com\/live\/details\/26024\"><img decoding=\"async\" style=\"width: 960px;\" src=\"http:\/\/uhura-uraniae.com\/wp-content\/uploads\/2024\/03\/screenshot1.jpg\" alt=\"\"><\/a><br>Searching for novae and supernovae in ancient Chinese chronicles: Lecture I (90 min)<\/td><td><strong>Ancient frames of reference: Transfer and Transformation of Constellations<\/strong><br><a href=\"https:\/\/www.koushare.com\/live\/details\/26106\"><img loading=\"lazy\" decoding=\"async\" width=\"911\" height=\"582\" class=\"wp-image-1271\" src=\"https:\/\/uhura-uraniae.com\/wp-content\/uploads\/2024\/03\/lecture2_startscreen.jpg\" alt=\"\" srcset=\"https:\/\/uhura-uraniae.com\/wp-content\/uploads\/2024\/03\/lecture2_startscreen.jpg 911w, https:\/\/uhura-uraniae.com\/wp-content\/uploads\/2024\/03\/lecture2_startscreen-300x192.jpg 300w, https:\/\/uhura-uraniae.com\/wp-content\/uploads\/2024\/03\/lecture2_startscreen-768x491.jpg 768w\" sizes=\"auto, (max-width: 911px) 100vw, 911px\" \/><\/a><br>Searching for novae and supernovae in ancient Chinese chronicles: Lecture II (90 min)<br><br><a href=\"https:\/\/www.youtube.com\/live\/HD4Vfj7y3bE?si=ceFX3XANfi1Gn_Nr\">Similar talk recorded in Semarang<\/a>, 07 Oct 2024<\/td><\/tr><tr><td>&nbsp;<strong>Von MUL.APIN zur griechisch-r\u00f6mischen Antike<\/strong><br>Babylonische Sternbilder, Astrometrie und Zeitrechnung in Transformation (60 min)<a href=\" \" target=\"_blank\" rel=\"noopener\"><img loading=\"lazy\" decoding=\"async\" class=\"alignnone size-large wp-image-523\" src=\" \" alt=\" \" width=\"960\" height=\"541\"><\/a><\/td><td><b>Gestern &#8211; Heute &#8211; Morgen: Gro\u00dfe Zeitskalen der Wissenschaft (2022)<br><\/b>klassisches Planetariumsthema: einmal das Gro\u00dfe Jahr r\u00fcckw\u00e4rts und einmal vorw\u00e4rts (45 min)<a rel=\"noopener\" href=\"https:\/\/www.youtube.com\/watch?v=C3p0RvWgwtE\" target=\"_blank\"><img decoding=\"async\" class=\"alignnone wp-image-539 size-large\" src=\"&lt;a href=\" alt=\"\"><img loading=\"lazy\" decoding=\"async\" width=\"960\" height=\"542\" class=\"alignnone size-large wp-image-565\" src=\"http:\/\/uhura-uraniae.com\/wp-content\/uploads\/2021\/10\/screenshot-1024x578.png\" alt=\"screenshot\" srcset=\"https:\/\/uhura-uraniae.com\/wp-content\/uploads\/2021\/10\/screenshot-1024x578.png 1024w, https:\/\/uhura-uraniae.com\/wp-content\/uploads\/2021\/10\/screenshot-300x169.png 300w, https:\/\/uhura-uraniae.com\/wp-content\/uploads\/2021\/10\/screenshot.png 1169w\" sizes=\"auto, (max-width: 960px) 100vw, 960px\" \/><\/a><\/td><\/tr><tr><td>&nbsp;<strong>Wie der L\u00f6we an den Himmel kam<\/strong><br>Die wahren Geschichten der Sternbilder (35 min)<a href=\"https:\/\/www.youtube.com\/watch?v=NKyJCmkNqCM\" target=\"_blank\" rel=\"noopener\"><img loading=\"lazy\" decoding=\"async\" class=\"alignnone size-large wp-image-523\" src=\"http:\/\/uhura-uraniae.com\/wp-content\/uploads\/2021\/10\/fasziOnline_Sternbilder2021-1024x577.png\" alt=\"fasziOnline_Sternbilder2021\" width=\"960\" height=\"541\" srcset=\"https:\/\/uhura-uraniae.com\/wp-content\/uploads\/2021\/10\/fasziOnline_Sternbilder2021-1024x577.png 1024w, https:\/\/uhura-uraniae.com\/wp-content\/uploads\/2021\/10\/fasziOnline_Sternbilder2021-300x169.png 300w, https:\/\/uhura-uraniae.com\/wp-content\/uploads\/2021\/10\/fasziOnline_Sternbilder2021.png 1246w\" sizes=\"auto, (max-width: 960px) 100vw, 960px\" \/><\/a><\/td><td>&nbsp;<b>Ungew\u00f6hnliche Sternbilder (2022) <\/b><br>Ein Streifzug durch die Kulturen (35 min)<a rel=\"noopener\" href=\"https:\/\/www.youtube.com\/watch?v=tVKtjGJanio\" target=\"_blank\"><img loading=\"lazy\" decoding=\"async\" width=\"960\" height=\"543\" class=\"alignnone wp-image-539 size-large\" src=\"http:\/\/uhura-uraniae.com\/wp-content\/uploads\/2021\/10\/sternbilder2_2-1024x579.png\" alt=\"sternbilder2_2\" srcset=\"https:\/\/uhura-uraniae.com\/wp-content\/uploads\/2021\/10\/sternbilder2_2-1024x579.png 1024w, https:\/\/uhura-uraniae.com\/wp-content\/uploads\/2021\/10\/sternbilder2_2-300x170.png 300w, https:\/\/uhura-uraniae.com\/wp-content\/uploads\/2021\/10\/sternbilder2_2.png 1122w\" sizes=\"auto, (max-width: 960px) 100vw, 960px\" \/><\/a><\/td><\/tr><tr><td><strong>Die wahren Geschichten<\/strong> (2021) &#8211; <em>Teaser<\/em>:<br><strong>Plejaden<\/strong> &#8211; 10 min<a rel=\"noopener\" href=\"https:\/\/www.youtube.com\/watch?v=53F2jyMRzz4&amp;t=12s\" target=\"_blank\"><img loading=\"lazy\" decoding=\"async\" width=\"960\" height=\"582\" class=\"alignnone wp-image-524 size-large\" src=\"http:\/\/uhura-uraniae.com\/wp-content\/uploads\/2021\/10\/plejaden2021-1024x621.png\" alt=\"plejaden2021\" srcset=\"https:\/\/uhura-uraniae.com\/wp-content\/uploads\/2021\/10\/plejaden2021-1024x621.png 1024w, https:\/\/uhura-uraniae.com\/wp-content\/uploads\/2021\/10\/plejaden2021-300x182.png 300w, https:\/\/uhura-uraniae.com\/wp-content\/uploads\/2021\/10\/plejaden2021.png 1237w\" sizes=\"auto, (max-width: 960px) 100vw, 960px\" \/><\/a><\/td><td>&nbsp;<strong>The Historical Way of Communicating Science <\/strong>(2021)<em>(Teaser)<\/em><strong>&nbsp;<\/strong>&#8211;&nbsp;3&nbsp;min<br><a rel=\"noopener\" href=\"https:\/\/www.youtube.com\/watch?v=eN3fMDJnP98\" target=\"_blank\"><img loading=\"lazy\" decoding=\"async\" width=\"960\" height=\"587\" class=\"alignnone size-large wp-image-521\" src=\"http:\/\/uhura-uraniae.com\/wp-content\/uploads\/2021\/10\/planetariumHistWay-1024x626.png\" alt=\"planetariumHistWay\" srcset=\"https:\/\/uhura-uraniae.com\/wp-content\/uploads\/2021\/10\/planetariumHistWay-1024x626.png 1024w, https:\/\/uhura-uraniae.com\/wp-content\/uploads\/2021\/10\/planetariumHistWay-300x183.png 300w, https:\/\/uhura-uraniae.com\/wp-content\/uploads\/2021\/10\/planetariumHistWay.png 1253w\" sizes=\"auto, (max-width: 960px) 100vw, 960px\" \/><\/a><\/td><\/tr><tr><td><strong>Where to store papers?<\/strong><br>(10 min)<br><a href=\"https:\/\/prezi.com\/v\/view\/B4ApTayOdQpbkkOHKfkF\/\"><img loading=\"lazy\" decoding=\"async\" width=\"960\" height=\"587\" class=\"alignnone wp-image-732 size-medium\" src=\"http:\/\/uhura-uraniae.com\/wp-content\/uploads\/2022\/11\/journalClub_paperStorage-300x168.png\" alt=\"\"><\/a><\/td><td><strong>&nbsp;<\/strong> <\/td><\/tr><tr><td><strong>Novae (state of art April 2020)<br><\/strong>(60 min)<br>\n<a href=\"https:\/\/www.youtube.com\/watch?v=qrcSMKq0p_s\" target=\"_blank\" rel=\"noopener\"><img loading=\"lazy\" decoding=\"async\" class=\"alignnone size-large wp-image-516\" src=\"http:\/\/uhura-uraniae.com\/wp-content\/uploads\/2021\/10\/novae_engl_2020-1024x575.png\" alt=\"novae_engl_2020\" width=\"960\" height=\"539\" srcset=\"https:\/\/uhura-uraniae.com\/wp-content\/uploads\/2021\/10\/novae_engl_2020-1024x575.png 1024w, https:\/\/uhura-uraniae.com\/wp-content\/uploads\/2021\/10\/novae_engl_2020-300x168.png 300w, https:\/\/uhura-uraniae.com\/wp-content\/uploads\/2021\/10\/novae_engl_2020.png 1250w\" sizes=\"auto, (max-width: 960px) 100vw, 960px\" \/><\/a><\/td><td><strong>Aufflammende Sterne<\/strong> (2020)<br>(30 min)<br><a rel=\"noreferrer noopener\" href=\"https:\/\/www.youtube.com\/watch?v=BHrff64RXVo\" target=\"_blank\"><img loading=\"lazy\" decoding=\"async\" width=\"960\" height=\"539\" src=\"http:\/\/uhura-uraniae.com\/wp-content\/uploads\/2021\/10\/fasziOnline_novae-1024x578.png\" alt=\"novae_dt_2020\"><\/a><\/td><\/tr><tr><td><strong>Sternbilder der alten Griechen&nbsp;(2018)<br><\/strong>(60 min)<a href=\"https:\/\/www.youtube.com\/watch?v=XyqdMHXJ4uE\" target=\"_blank\" rel=\"noopener\"><img loading=\"lazy\" decoding=\"async\" class=\"alignnone wp-image-533 size-large\" src=\"http:\/\/uhura-uraniae.com\/wp-content\/uploads\/2021\/10\/sonneberg2018-1024x609.png\" alt=\"sonneberg2018\" width=\"960\" height=\"571\" srcset=\"https:\/\/uhura-uraniae.com\/wp-content\/uploads\/2021\/10\/sonneberg2018-1024x609.png 1024w, https:\/\/uhura-uraniae.com\/wp-content\/uploads\/2021\/10\/sonneberg2018-300x178.png 300w, https:\/\/uhura-uraniae.com\/wp-content\/uploads\/2021\/10\/sonneberg2018.png 1250w\" sizes=\"auto, (max-width: 960px) 100vw, 960px\" \/><\/a><\/td><td><strong>R\u00e4tsel des Weihnachtssterns&nbsp;<\/strong>(2020)<br>(30 min)<a rel=\"noopener\" href=\"https:\/\/www.youtube.com\/watch?v=40ELLL-h-Rk\" target=\"_blank\"><img loading=\"lazy\" decoding=\"async\" width=\"960\" height=\"538\" class=\"alignnone wp-image-529 size-large\" src=\"http:\/\/uhura-uraniae.com\/wp-content\/uploads\/2021\/10\/bethlehem2020-1024x574.png\" alt=\"bethlehem2020\" srcset=\"https:\/\/uhura-uraniae.com\/wp-content\/uploads\/2021\/10\/bethlehem2020-1024x574.png 1024w, https:\/\/uhura-uraniae.com\/wp-content\/uploads\/2021\/10\/bethlehem2020-300x168.png 300w, https:\/\/uhura-uraniae.com\/wp-content\/uploads\/2021\/10\/bethlehem2020.png 1250w\" sizes=\"auto, (max-width: 960px) 100vw, 960px\" \/><\/a><\/td><\/tr><\/tbody><\/table><\/figure>\n","protected":false},"excerpt":{"rendered":"<p>Recorded Lectures&nbsp;(30\/ 60 \/ 90 min) Lecture 1 (DH): Libraries and Text (1h 20 min) Lecture 2.1 (DH): Images (50 min)Lecture 2.2 (DH): Image Resolution (20 min) Lecture 3 (DH): FAIR and CARE data storage(20 min) Specific cases of novae and supernovae in old chronicles Searching for novae and supernovae in ancient Chinese chronicles: Lecture&hellip;<\/p>\n","protected":false},"author":1,"featured_media":0,"parent":0,"menu_order":0,"comment_status":"closed","ping_status":"closed","template":"","meta":{"footnotes":""},"class_list":["post-983","page","type-page","status-publish","hentry"],"_links":{"self":[{"href":"https:\/\/uhura-uraniae.com\/index.php?rest_route=\/wp\/v2\/pages\/983","targetHints":{"allow":["GET"]}}],"collection":[{"href":"https:\/\/uhura-uraniae.com\/index.php?rest_route=\/wp\/v2\/pages"}],"about":[{"href":"https:\/\/uhura-uraniae.com\/index.php?rest_route=\/wp\/v2\/types\/page"}],"author":[{"embeddable":true,"href":"https:\/\/uhura-uraniae.com\/index.php?rest_route=\/wp\/v2\/users\/1"}],"replies":[{"embeddable":true,"href":"https:\/\/uhura-uraniae.com\/index.php?rest_route=%2Fwp%2Fv2%2Fcomments&post=983"}],"version-history":[{"count":31,"href":"https:\/\/uhura-uraniae.com\/index.php?rest_route=\/wp\/v2\/pages\/983\/revisions"}],"predecessor-version":[{"id":1690,"href":"https:\/\/uhura-uraniae.com\/index.php?rest_route=\/wp\/v2\/pages\/983\/revisions\/1690"}],"wp:attachment":[{"href":"https:\/\/uhura-uraniae.com\/index.php?rest_route=%2Fwp%2Fv2%2Fmedia&parent=983"}],"curies":[{"name":"wp","href":"https:\/\/api.w.org\/{rel}","templated":true}]}}